{"id":1875,"date":"2025-10-04T16:23:01","date_gmt":"2025-10-04T14:23:01","guid":{"rendered":"https:\/\/3dprime.it\/?post_type=product&#038;p=1875"},"modified":"2025-11-22T15:46:14","modified_gmt":"2025-11-22T14:46:14","slug":"griglia-protezione-faro-per-yamaha-super-tenere-xtz-750","status":"publish","type":"product","link":"https:\/\/3dprime.it\/en\/product\/griglia-protezione-faro-per-yamaha-super-tenere-xtz-750\/","title":{"rendered":"Griglia Protezione Faro per Yamaha Super T\u00e9n\u00e9r\u00e9 XTZ 750"},"content":{"rendered":"<p data-start=\"137\" data-end=\"224\"><strong data-start=\"137\" data-end=\"224\">Griglia Protezione Faro per Yamaha Super T\u00e9n\u00e9r\u00e9 XTZ 750\u00a0<\/strong><\/p>\n<p data-start=\"226\" data-end=\"344\">Proteggi il faro della tua Yamaha Super T\u00e9n\u00e9r\u00e9 XTZ 750 con questa griglia robusta e leggera, perfetta per l&#8217;avventura.<\/p>\n<p data-start=\"346\" data-end=\"722\">\u2705\u00a0<strong data-start=\"348\" data-end=\"377\">Materiale di alta qualit\u00e0<\/strong>\u00a0<br data-start=\"428\" data-end=\"431\" \/>\u2705\u00a0<strong data-start=\"433\" data-end=\"459\">Compatibilit\u00e0 perfetta<\/strong>\u00a0\u2013 Progettata su misura per Yamaha Super T\u00e9n\u00e9r\u00e9 XTZ 750<br data-start=\"514\" data-end=\"517\" \/>\u2705\u00a0<strong data-start=\"519\" data-end=\"544\">Resistente e durevole<\/strong>\u00a0\u2013 Ideale per l\u2019uso su strada e off-road<br data-start=\"584\" data-end=\"587\" \/>\u2705\u00a0<strong data-start=\"589\" data-end=\"610\" data-is-only-node=\"\">Design funzionale<\/strong>\u00a0\u2013 Protegge il faro senza ostacolare la luce<br data-start=\"654\" data-end=\"657\" \/>\u2705\u00a0<strong data-start=\"659\" data-end=\"683\">Facile da installare<\/strong>\u00a0\u2013 Si monta rapidamente senza modifiche<\/p>\n<p data-start=\"724\" data-end=\"782\">\u2757\u00a0<strong data-start=\"726\" data-end=\"735\">Nota:<\/strong>\u00a0Le viti per il montaggio\u00a0<strong data-start=\"761\" data-end=\"781\">non sono incluse<\/strong>.<\/p>\n<p data-start=\"784\" data-end=\"880\">Un accessorio indispensabile per chi cerca protezione, affidabilit\u00e0 e stile per la propria moto.<\/p>\n","protected":false},"excerpt":{"rendered":"<p>Griglia Protezione Faro per Yamaha Super T\u00e9n\u00e9r\u00e9 XTZ 750\u00a0 Proteggi il faro della tua Yamaha Super T\u00e9n\u00e9r\u00e9 XTZ 750 con questa griglia robusta e leggera, perfetta per l&#8217;avventura. \u2705\u00a0Materiale di<\/p>\n","protected":false},"featured_media":1880,"comment_status":"open","ping_status":"closed","template":"","meta":[],"product_cat":[56,75],"product_tag":[],"class_list":{"0":"post-1875","1":"product","2":"type-product","3":"status-publish","4":"has-post-thumbnail","6":"product_brand-yamaha","7":"product_cat-moto","8":"product_cat-yamaha","10":"first","11":"instock","12":"taxable","13":"shipping-taxable","14":"purchasable","15":"product-type-simple"},"jetpack_sharing_enabled":true,"_links":{"self":[{"href":"https:\/\/3dprime.it\/en\/wp-json\/wp\/v2\/product\/1875","targetHints":{"allow":["GET"]}}],"collection":[{"href":"https:\/\/3dprime.it\/en\/wp-json\/wp\/v2\/product"}],"about":[{"href":"https:\/\/3dprime.it\/en\/wp-json\/wp\/v2\/types\/product"}],"replies":[{"embeddable":true,"href":"https:\/\/3dprime.it\/en\/wp-json\/wp\/v2\/comments?post=1875"}],"version-history":[{"count":3,"href":"https:\/\/3dprime.it\/en\/wp-json\/wp\/v2\/product\/1875\/revisions"}],"predecessor-version":[{"id":4255,"href":"https:\/\/3dprime.it\/en\/wp-json\/wp\/v2\/product\/1875\/revisions\/4255"}],"wp:featuredmedia":[{"embeddable":true,"href":"https:\/\/3dprime.it\/en\/wp-json\/wp\/v2\/media\/1880"}],"wp:attachment":[{"href":"https:\/\/3dprime.it\/en\/wp-json\/wp\/v2\/media?parent=1875"}],"wp:term":[{"taxonomy":"product_cat","embeddable":true,"href":"https:\/\/3dprime.it\/en\/wp-json\/wp\/v2\/product_cat?post=1875"},{"taxonomy":"product_tag","embeddable":true,"href":"https:\/\/3dprime.it\/en\/wp-json\/wp\/v2\/product_tag?post=1875"}],"curies":[{"name":"wp","href":"https:\/\/api.w.org\/{rel}","templated":true}]}}