{"id":2142,"date":"2025-10-05T14:14:49","date_gmt":"2025-10-05T12:14:49","guid":{"rendered":"https:\/\/3dprime.it\/?post_type=product&#038;p=2142"},"modified":"2025-10-05T14:14:49","modified_gmt":"2025-10-05T12:14:49","slug":"2-pulsanti-di-accensione-adatto-per-garmin-edge-1000-power-button-ciclocomputer","status":"publish","type":"product","link":"https:\/\/3dprime.it\/en\/product\/2-pulsanti-di-accensione-adatto-per-garmin-edge-1000-power-button-ciclocomputer\/","title":{"rendered":"2 Pulsanti di accensione adatto per Garmin Edge 1000 Power Button ciclocomputer"},"content":{"rendered":"<h3 data-start=\"0\" data-end=\"73\"><strong data-start=\"4\" data-end=\"63\">2 x Pulsanti di Accensione Compatibile con Garmin Edge 1000<\/strong>\u00a0\ud83d\udd18\ud83d\udeb4\u200d\u2642\ufe0f<\/h3>\n<p data-start=\"75\" data-end=\"277\">\u2705\u00a0<strong data-start=\"77\" data-end=\"97\">Compatibile con:<\/strong>\u00a0Garmin Edge 1000<br data-start=\"114\" data-end=\"117\" \/>\u2705\u00a0<strong data-start=\"119\" data-end=\"133\">Materiale:<\/strong>\u00a0Resistente e durevole, realizzato con tecnologia di stampa 3D<br data-start=\"195\" data-end=\"198\" \/>\u2705\u00a0<strong data-start=\"200\" data-end=\"213\">Utilizzo:<\/strong>\u00a0Sostituzione del pulsante di accensione danneggiato o usurato<\/p>\n<p data-start=\"279\" data-end=\"582\">\ud83d\udd39\u00a0<strong data-start=\"282\" data-end=\"298\">Descrizione:<\/strong><br data-start=\"298\" data-end=\"301\" \/>Se il pulsante di accensione del tuo Garmin Edge 1000 \u00e8 usurato o non funziona pi\u00f9, questo ricambio \u00e8 la soluzione perfetta! Realizzato con materiali di alta qualit\u00e0 e progettato per adattarsi perfettamente al dispositivo, garantisce un funzionamento ottimale e una lunga durata.<\/p>\n<p data-start=\"584\" data-end=\"839\">\ud83d\udd39\u00a0<strong data-start=\"587\" data-end=\"618\">Caratteristiche principali:<\/strong><br data-start=\"618\" data-end=\"621\" \/>\u2714\ufe0f Compatibilit\u00e0 perfetta con Garmin Edge 1000<br data-start=\"667\" data-end=\"670\" \/>\u2714\ufe0f Materiali robusti per resistenza e affidabilit\u00e0<br data-start=\"720\" data-end=\"723\" \/>\u2714\ufe0f Facile installazione senza necessit\u00e0 di strumenti speciali<br data-start=\"784\" data-end=\"787\" \/>\u2714\ufe0f Prodotto ecosostenibile per ridurre gli sprechi<\/p>\n<p data-start=\"841\" data-end=\"939\">\ud83d\udcb3\u00a0<strong data-start=\"844\" data-end=\"875\">Pagamento sicuro con PayPal<\/strong><br data-start=\"875\" data-end=\"878\" \/>\ud83d\udce6\u00a0<strong data-start=\"881\" data-end=\"937\">Spedizione rapida e supporto post-vendita garantito!<\/strong><\/p>\n<p data-start=\"941\" data-end=\"1045\" data-is-last-node=\"\" data-is-only-node=\"\">\ud83d\udd27\u00a0<strong data-start=\"944\" data-end=\"1037\">Dai nuova vita al tuo ciclocomputer Garmin con un pulsante di accensione di alta qualit\u00e0!<\/strong>\u00a0\ud83d\udeb5\u200d\u2642\ufe0f\ud83d\udd0b<\/p>\n","protected":false},"excerpt":{"rendered":"<p>2 x Pulsanti di Accensione Compatibile con Garmin Edge 1000\u00a0\ud83d\udd18\ud83d\udeb4\u200d\u2642\ufe0f \u2705\u00a0Compatibile con:\u00a0Garmin Edge 1000\u2705\u00a0Materiale:\u00a0Resistente e durevole, realizzato con tecnologia di stampa 3D\u2705\u00a0Utilizzo:\u00a0Sostituzione del pulsante di accensione danneggiato o usurato \ud83d\udd39\u00a0Descrizione:Se<\/p>\n","protected":false},"featured_media":2144,"comment_status":"open","ping_status":"closed","template":"","meta":[],"product_cat":[32],"product_tag":[],"class_list":{"0":"post-2142","1":"product","2":"type-product","3":"status-publish","4":"has-post-thumbnail","6":"product_cat-uncategorized","8":"first","9":"instock","10":"taxable","11":"shipping-taxable","12":"purchasable","13":"product-type-simple"},"jetpack_sharing_enabled":true,"_links":{"self":[{"href":"https:\/\/3dprime.it\/en\/wp-json\/wp\/v2\/product\/2142","targetHints":{"allow":["GET"]}}],"collection":[{"href":"https:\/\/3dprime.it\/en\/wp-json\/wp\/v2\/product"}],"about":[{"href":"https:\/\/3dprime.it\/en\/wp-json\/wp\/v2\/types\/product"}],"replies":[{"embeddable":true,"href":"https:\/\/3dprime.it\/en\/wp-json\/wp\/v2\/comments?post=2142"}],"version-history":[{"count":1,"href":"https:\/\/3dprime.it\/en\/wp-json\/wp\/v2\/product\/2142\/revisions"}],"predecessor-version":[{"id":2146,"href":"https:\/\/3dprime.it\/en\/wp-json\/wp\/v2\/product\/2142\/revisions\/2146"}],"wp:featuredmedia":[{"embeddable":true,"href":"https:\/\/3dprime.it\/en\/wp-json\/wp\/v2\/media\/2144"}],"wp:attachment":[{"href":"https:\/\/3dprime.it\/en\/wp-json\/wp\/v2\/media?parent=2142"}],"wp:term":[{"taxonomy":"product_cat","embeddable":true,"href":"https:\/\/3dprime.it\/en\/wp-json\/wp\/v2\/product_cat?post=2142"},{"taxonomy":"product_tag","embeddable":true,"href":"https:\/\/3dprime.it\/en\/wp-json\/wp\/v2\/product_tag?post=2142"}],"curies":[{"name":"wp","href":"https:\/\/api.w.org\/{rel}","templated":true}]}}