{"id":2193,"date":"2025-10-06T11:13:06","date_gmt":"2025-10-06T09:13:06","guid":{"rendered":"https:\/\/3dprime.it\/?post_type=product&#038;p=2193"},"modified":"2025-10-22T15:01:09","modified_gmt":"2025-10-22T13:01:09","slug":"striscia-scorricatena-pattino-%e2%9c%94%ef%b8%8f-yamaha-xt600z-tenere-34l-55w-1vj-xt600-43f-%f0%9f%8f%8d%ef%b8%8f","status":"publish","type":"product","link":"https:\/\/3dprime.it\/en\/product\/striscia-scorricatena-pattino-%e2%9c%94%ef%b8%8f-yamaha-xt600z-tenere-34l-55w-1vj-xt600-43f-%f0%9f%8f%8d%ef%b8%8f\/","title":{"rendered":"Striscia Scorricatena Pattino \u2714\ufe0f Yamaha XT600Z TENERE 34L 55W 1VJ XT600 43F \ud83c\udfcd\ufe0f"},"content":{"rendered":"<h1>Guidacatena Yamaha XT600\/500<\/h1>\n<p><span class=\"highlight\">Compatibile con:<\/span><\/p>\n<ul>\n<li>Modelli Yamaha XT600\/500 con\u00a0<strong>forcellone in alluminio<\/strong>\u00a0(43F e 55A) fino al\u00a0<strong>1986<\/strong>.<\/li>\n<li>Modelli XT600Z T\u00e9n\u00e9r\u00e9 con\u00a0<strong>forcellone in alluminio<\/strong>\u00a0(34L e 55W) fino al\u00a0<strong>1985<\/strong>.<\/li>\n<\/ul>\n<p><span class=\"highlight\">Realizzato in stampa 3D FDM con materiale PETG<\/span>\u00a0per garantire resistenza e durata.<\/p>\n<p class=\"warning\">\u26a0\ufe0f Assicurati della compatibilit\u00e0 prima dell&#8217;acquisto!<\/p>\n<div class=\"cta\"><button>\ud83d\uded2 Acquista ora e migliora la tua XT! \ud83c\udfcd\ufe0f<\/button><\/div>\n","protected":false},"excerpt":{"rendered":"<p>Guidacatena Yamaha XT600\/500 Compatibile con: Modelli Yamaha XT600\/500 con\u00a0forcellone in alluminio\u00a0(43F e 55A) fino al\u00a01986. Modelli XT600Z T\u00e9n\u00e9r\u00e9 con\u00a0forcellone in alluminio\u00a0(34L e 55W) fino al\u00a01985. Realizzato in stampa 3D FDM<\/p>\n","protected":false},"featured_media":2197,"comment_status":"open","ping_status":"closed","template":"","meta":[],"product_cat":[56,75],"product_tag":[],"class_list":{"0":"post-2193","1":"product","2":"type-product","3":"status-publish","4":"has-post-thumbnail","6":"product_cat-moto","7":"product_cat-yamaha","9":"first","10":"instock","11":"taxable","12":"shipping-taxable","13":"purchasable","14":"product-type-simple"},"jetpack_sharing_enabled":true,"_links":{"self":[{"href":"https:\/\/3dprime.it\/en\/wp-json\/wp\/v2\/product\/2193","targetHints":{"allow":["GET"]}}],"collection":[{"href":"https:\/\/3dprime.it\/en\/wp-json\/wp\/v2\/product"}],"about":[{"href":"https:\/\/3dprime.it\/en\/wp-json\/wp\/v2\/types\/product"}],"replies":[{"embeddable":true,"href":"https:\/\/3dprime.it\/en\/wp-json\/wp\/v2\/comments?post=2193"}],"version-history":[{"count":1,"href":"https:\/\/3dprime.it\/en\/wp-json\/wp\/v2\/product\/2193\/revisions"}],"predecessor-version":[{"id":2198,"href":"https:\/\/3dprime.it\/en\/wp-json\/wp\/v2\/product\/2193\/revisions\/2198"}],"wp:featuredmedia":[{"embeddable":true,"href":"https:\/\/3dprime.it\/en\/wp-json\/wp\/v2\/media\/2197"}],"wp:attachment":[{"href":"https:\/\/3dprime.it\/en\/wp-json\/wp\/v2\/media?parent=2193"}],"wp:term":[{"taxonomy":"product_cat","embeddable":true,"href":"https:\/\/3dprime.it\/en\/wp-json\/wp\/v2\/product_cat?post=2193"},{"taxonomy":"product_tag","embeddable":true,"href":"https:\/\/3dprime.it\/en\/wp-json\/wp\/v2\/product_tag?post=2193"}],"curies":[{"name":"wp","href":"https:\/\/api.w.org\/{rel}","templated":true}]}}