{"id":2460,"date":"2025-10-07T17:48:43","date_gmt":"2025-10-07T15:48:43","guid":{"rendered":"https:\/\/3dprime.it\/?post_type=product&#038;p=2460"},"modified":"2025-10-22T14:47:43","modified_gmt":"2025-10-22T12:47:43","slug":"ricambio-in-nylon-boccola-ingranaggio-frullatore-magic-bullet","status":"publish","type":"product","link":"https:\/\/3dprime.it\/en\/product\/ricambio-in-nylon-boccola-ingranaggio-frullatore-magic-bullet\/","title":{"rendered":"Ricambio in NYLON boccola ingranaggio frullatore Magic Bullet"},"content":{"rendered":"<p>Boccola di trasmissione in nylon per frullatore Magic Bullet.<br \/>\nProdotta con tecnologia di stampa 3D, \u00e8 perfettamente identica all&#8217;originale, che purtroppo si rompe facilmente. Poich\u00e9 il ricambio originale non \u00e8 disponibile sul mercato, questa \u00e8 l&#8217;unica soluzione per continuare a utilizzare il frullatore senza doverlo sostituire.<br \/>\nIl colore \u00e8 puramente indicativo e potrebbe variare in base alla disponibilit\u00e0 del materiale utilizzato.<\/p>\n<p>Se non siete soddisfatti, vi rimborseremo immediatamente!<\/p>\n","protected":false},"excerpt":{"rendered":"<p>Boccola di trasmissione in nylon per frullatore Magic Bullet. Prodotta con tecnologia di stampa 3D, \u00e8 perfettamente identica all&#8217;originale, che purtroppo si rompe facilmente. Poich\u00e9 il ricambio originale non \u00e8<\/p>\n","protected":false},"featured_media":2467,"comment_status":"open","ping_status":"closed","template":"","meta":[],"product_cat":[60],"product_tag":[],"class_list":{"0":"post-2460","1":"product","2":"type-product","3":"status-publish","4":"has-post-thumbnail","6":"product_cat-cucina","8":"first","9":"instock","10":"taxable","11":"shipping-taxable","12":"purchasable","13":"product-type-simple"},"jetpack_sharing_enabled":true,"_links":{"self":[{"href":"https:\/\/3dprime.it\/en\/wp-json\/wp\/v2\/product\/2460","targetHints":{"allow":["GET"]}}],"collection":[{"href":"https:\/\/3dprime.it\/en\/wp-json\/wp\/v2\/product"}],"about":[{"href":"https:\/\/3dprime.it\/en\/wp-json\/wp\/v2\/types\/product"}],"replies":[{"embeddable":true,"href":"https:\/\/3dprime.it\/en\/wp-json\/wp\/v2\/comments?post=2460"}],"version-history":[{"count":1,"href":"https:\/\/3dprime.it\/en\/wp-json\/wp\/v2\/product\/2460\/revisions"}],"predecessor-version":[{"id":2468,"href":"https:\/\/3dprime.it\/en\/wp-json\/wp\/v2\/product\/2460\/revisions\/2468"}],"wp:featuredmedia":[{"embeddable":true,"href":"https:\/\/3dprime.it\/en\/wp-json\/wp\/v2\/media\/2467"}],"wp:attachment":[{"href":"https:\/\/3dprime.it\/en\/wp-json\/wp\/v2\/media?parent=2460"}],"wp:term":[{"taxonomy":"product_cat","embeddable":true,"href":"https:\/\/3dprime.it\/en\/wp-json\/wp\/v2\/product_cat?post=2460"},{"taxonomy":"product_tag","embeddable":true,"href":"https:\/\/3dprime.it\/en\/wp-json\/wp\/v2\/product_tag?post=2460"}],"curies":[{"name":"wp","href":"https:\/\/api.w.org\/{rel}","templated":true}]}}