{"id":2729,"date":"2025-10-08T10:16:59","date_gmt":"2025-10-08T08:16:59","guid":{"rendered":"https:\/\/3dprime.it\/?post_type=product&#038;p=2729"},"modified":"2025-10-22T14:39:02","modified_gmt":"2025-10-22T12:39:02","slug":"2x-ricambi-cerniere-dometic-electrolux-serie-4-freezer-camper-ricambio-frigo","status":"publish","type":"product","link":"https:\/\/3dprime.it\/en\/product\/2x-ricambi-cerniere-dometic-electrolux-serie-4-freezer-camper-ricambio-frigo\/","title":{"rendered":"2x RICAMBI CERNIERE DOMETIC\/ELECTROLUX SERIE 4 FREEZER CAMPER RICAMBIO FRIGO"},"content":{"rendered":"<p><strong>Dometic \/ Electrolux Fridge Freezer Hinge Spring Housings<\/strong>\u00a0<strong>Codici Parte:<\/strong>\u00a02002236004 e 2002236012<\/p>\n<p>Comunemente trovati in caravan\/autocaravan e barche, questi alloggiamenti per molle delle cerniere del frigorifero e congelatore Dometic \/ Electrolux includono sia l&#8217;alloggiamento sinistro che quello destro. Progettati per essere pi\u00f9 resistenti dell&#8217;originale, sono stampati con una plastica robusta e durevole che non diventer\u00e0 fragile n\u00e9 si romper\u00e0 facilmente. Questi alloggiamenti non si deformano e sono resistenti alle alte e basse temperature, nonch\u00e9 alla luce solare, rendendoli perfetti per una vasta gamma di climi.<\/p>\n<p><strong>Scegli il tuo colore tra:<\/strong>\u00a0bianco classico, nero, grigio o traslucido.<\/p>\n<p>Rispetto ad altri venditori, utilizziamo una plastica superiore, seguiamo un processo di assicurazione della qualit\u00e0 meticoloso, abbiamo i tempi di spedizione pi\u00f9 rapidi e offriamo il miglior rapporto qualit\u00e0-prezzo.<\/p>\n<h3>Ulteriori Dettagli<\/h3>\n<p>Questa parte \u00e8 stata appositamente stampata in 3D con una stampante di alta qualit\u00e0 e utilizza la migliore plastica disponibile per garantire un pezzo affidabile e resistente.<\/p>\n<p><strong>Dettagli:<\/strong>\u00a0Solo la parte mostrata \u00e8 in vendita, dovrai riutilizzare parti della tua cerniera originale.<\/p>\n<p><strong>La confezione include:<\/strong>\u00a0una coppia di alloggiamenti nel colore di tua scelta.<\/p>\n<p><strong>Installazione:<\/strong>\u00a0Si consiglia di seguire la guida trovata\u00a0<a href=\"https:\/\/www.youtube.com\/watch?v=8Ae0ncOSu9U\" target=\"_new\" rel=\"noreferrer\">qui per l&#8217;installazione<\/a>.<\/p>\n<p><strong>Modelli Compatibili:<\/strong>\u00a0RM2355, RM2356, RM2455, RM2555, RM2350, RM2553, RM2453 e molti altri.<\/p>\n","protected":false},"excerpt":{"rendered":"<p>Dometic \/ Electrolux Fridge Freezer Hinge Spring Housings\u00a0Codici Parte:\u00a02002236004 e 2002236012 Comunemente trovati in caravan\/autocaravan e barche, questi alloggiamenti per molle delle cerniere del frigorifero e congelatore Dometic \/ Electrolux<\/p>\n","protected":false},"featured_media":2734,"comment_status":"open","ping_status":"closed","template":"","meta":[],"product_cat":[66],"product_tag":[],"class_list":{"0":"post-2729","1":"product","2":"type-product","3":"status-publish","4":"has-post-thumbnail","6":"product_cat-camper","8":"first","9":"instock","10":"taxable","11":"shipping-taxable","12":"purchasable","13":"product-type-simple"},"jetpack_sharing_enabled":true,"_links":{"self":[{"href":"https:\/\/3dprime.it\/en\/wp-json\/wp\/v2\/product\/2729","targetHints":{"allow":["GET"]}}],"collection":[{"href":"https:\/\/3dprime.it\/en\/wp-json\/wp\/v2\/product"}],"about":[{"href":"https:\/\/3dprime.it\/en\/wp-json\/wp\/v2\/types\/product"}],"replies":[{"embeddable":true,"href":"https:\/\/3dprime.it\/en\/wp-json\/wp\/v2\/comments?post=2729"}],"version-history":[{"count":1,"href":"https:\/\/3dprime.it\/en\/wp-json\/wp\/v2\/product\/2729\/revisions"}],"predecessor-version":[{"id":2735,"href":"https:\/\/3dprime.it\/en\/wp-json\/wp\/v2\/product\/2729\/revisions\/2735"}],"wp:featuredmedia":[{"embeddable":true,"href":"https:\/\/3dprime.it\/en\/wp-json\/wp\/v2\/media\/2734"}],"wp:attachment":[{"href":"https:\/\/3dprime.it\/en\/wp-json\/wp\/v2\/media?parent=2729"}],"wp:term":[{"taxonomy":"product_cat","embeddable":true,"href":"https:\/\/3dprime.it\/en\/wp-json\/wp\/v2\/product_cat?post=2729"},{"taxonomy":"product_tag","embeddable":true,"href":"https:\/\/3dprime.it\/en\/wp-json\/wp\/v2\/product_tag?post=2729"}],"curies":[{"name":"wp","href":"https:\/\/api.w.org\/{rel}","templated":true}]}}