{"id":2834,"date":"2025-10-08T12:09:09","date_gmt":"2025-10-08T10:09:09","guid":{"rendered":"https:\/\/3dprime.it\/?post_type=product&#038;p=2834"},"modified":"2025-10-22T14:38:03","modified_gmt":"2025-10-22T12:38:03","slug":"ricambio-leva-lavazza-a-modo-mio-jolie-sostituzione-facile-per-macchine-da-cafe","status":"publish","type":"product","link":"https:\/\/3dprime.it\/en\/product\/ricambio-leva-lavazza-a-modo-mio-jolie-sostituzione-facile-per-macchine-da-cafe\/","title":{"rendered":"Ricambio Leva Lavazza A Modo Mio Jolie Sostituzione Facile per Macchine da Caf\u00e8"},"content":{"rendered":"<div class=\"title\">Spingi-Capsule Sostitutivo per Lavazza A Modo Mio Jolie<\/div>\n<p class=\"description\">Questo spingi-capsule sostitutivo \u00e8 progettato per riparare la tua macchina da caff\u00e8 Lavazza A Modo Mio Jolie, ideale quando la leva di caricamento delle capsule \u00e8 bloccata. Grazie alla sua costruzione robusta e precisa, ripristiner\u00e0 il funzionamento della tua macchina come fosse nuova.<\/p>\n<div class=\"warning\"><strong>Avvertenze importanti:<\/strong>\u00a0Ricordati di utilizzare esclusivamente le\u00a0<strong>viti di fissaggio ORIGINALI<\/strong>. L&#8217;uso di viti con dimensioni o filettature diverse potrebbe compromettere l&#8217;integrit\u00e0 del ricambio. Non ci assumiamo responsabilit\u00e0 per eventuali danni causati da un uso improprio di viti non corrette.<\/div>\n","protected":false},"excerpt":{"rendered":"<p>Spingi-Capsule Sostitutivo per Lavazza A Modo Mio Jolie Questo spingi-capsule sostitutivo \u00e8 progettato per riparare la tua macchina da caff\u00e8 Lavazza A Modo Mio Jolie, ideale quando la leva di<\/p>\n","protected":false},"featured_media":2838,"comment_status":"open","ping_status":"closed","template":"","meta":[],"product_cat":[60],"product_tag":[],"class_list":{"0":"post-2834","1":"product","2":"type-product","3":"status-publish","4":"has-post-thumbnail","6":"product_cat-cucina","8":"first","9":"instock","10":"taxable","11":"shipping-taxable","12":"purchasable","13":"product-type-simple"},"jetpack_sharing_enabled":true,"_links":{"self":[{"href":"https:\/\/3dprime.it\/en\/wp-json\/wp\/v2\/product\/2834","targetHints":{"allow":["GET"]}}],"collection":[{"href":"https:\/\/3dprime.it\/en\/wp-json\/wp\/v2\/product"}],"about":[{"href":"https:\/\/3dprime.it\/en\/wp-json\/wp\/v2\/types\/product"}],"replies":[{"embeddable":true,"href":"https:\/\/3dprime.it\/en\/wp-json\/wp\/v2\/comments?post=2834"}],"version-history":[{"count":1,"href":"https:\/\/3dprime.it\/en\/wp-json\/wp\/v2\/product\/2834\/revisions"}],"predecessor-version":[{"id":2839,"href":"https:\/\/3dprime.it\/en\/wp-json\/wp\/v2\/product\/2834\/revisions\/2839"}],"wp:featuredmedia":[{"embeddable":true,"href":"https:\/\/3dprime.it\/en\/wp-json\/wp\/v2\/media\/2838"}],"wp:attachment":[{"href":"https:\/\/3dprime.it\/en\/wp-json\/wp\/v2\/media?parent=2834"}],"wp:term":[{"taxonomy":"product_cat","embeddable":true,"href":"https:\/\/3dprime.it\/en\/wp-json\/wp\/v2\/product_cat?post=2834"},{"taxonomy":"product_tag","embeddable":true,"href":"https:\/\/3dprime.it\/en\/wp-json\/wp\/v2\/product_tag?post=2834"}],"curies":[{"name":"wp","href":"https:\/\/api.w.org\/{rel}","templated":true}]}}