{"id":2961,"date":"2025-10-08T17:13:10","date_gmt":"2025-10-08T15:13:10","guid":{"rendered":"https:\/\/3dprime.it\/?post_type=product&#038;p=2961"},"modified":"2025-10-22T14:51:56","modified_gmt":"2025-10-22T12:51:56","slug":"boccola-guarnizione-leva-cambio-manuale-rondella-in-gomma-per-ford-chrysler","status":"publish","type":"product","link":"https:\/\/3dprime.it\/en\/product\/boccola-guarnizione-leva-cambio-manuale-rondella-in-gomma-per-ford-chrysler\/","title":{"rendered":"Boccola guarnizione leva cambio manuale rondella in gomma per Ford Chrysler &#8230;"},"content":{"rendered":"<div class=\"product-details\">\n<p>Questa guarnizione per leva cambio \u00e8 progettata per garantire massima affidabilit\u00e0 e durabilit\u00e0. Perfetta per la sostituzione o la manutenzione del sistema di cambio, \u00e8 compatibile con numerosi modelli di auto.<\/p>\n<\/div>\n<div class=\"compatibility\">\n<h3>Compatibilit\u00e0:<\/h3>\n<ul>\n<li>Jeep Liberty con custodia Transfer 231 (2002 &#8211; 2007)<\/li>\n<li>Ford Fiesta Figo MK1<\/li>\n<li>Ford FIGO 1st Gen<\/li>\n<li>Ford FIESTA 1st Gen<\/li>\n<li>Ford Ikon Hatch<\/li>\n<li>Ford Focus MK2 (2005 &#8211; 2009)<\/li>\n<li>Ford Fiesta MK5 (2002-2008)<\/li>\n<li>Renault Scenic<\/li>\n<li>Peugeot 607 (1999 &#8211; 2010)<\/li>\n<li>Citroen Xsara Elyse<\/li>\n<li>Plymouth Neon (1995-2001)<\/li>\n<li>Chrysler PT Cruiser (2000-2010)<\/li>\n<li>Dodge Neon (vari modelli 1995-2005)<\/li>\n<\/ul>\n<\/div>\n","protected":false},"excerpt":{"rendered":"<p>Questa guarnizione per leva cambio \u00e8 progettata per garantire massima affidabilit\u00e0 e durabilit\u00e0. Perfetta per la sostituzione o la manutenzione del sistema di cambio, \u00e8 compatibile con numerosi modelli di<\/p>\n","protected":false},"featured_media":2968,"comment_status":"open","ping_status":"closed","template":"","meta":[],"product_cat":[37,67],"product_tag":[],"class_list":{"0":"post-2961","1":"product","2":"type-product","3":"status-publish","4":"has-post-thumbnail","6":"product_cat-auto","7":"product_cat-ford","9":"first","10":"instock","11":"taxable","12":"shipping-taxable","13":"purchasable","14":"product-type-simple"},"jetpack_sharing_enabled":true,"_links":{"self":[{"href":"https:\/\/3dprime.it\/en\/wp-json\/wp\/v2\/product\/2961","targetHints":{"allow":["GET"]}}],"collection":[{"href":"https:\/\/3dprime.it\/en\/wp-json\/wp\/v2\/product"}],"about":[{"href":"https:\/\/3dprime.it\/en\/wp-json\/wp\/v2\/types\/product"}],"replies":[{"embeddable":true,"href":"https:\/\/3dprime.it\/en\/wp-json\/wp\/v2\/comments?post=2961"}],"version-history":[{"count":1,"href":"https:\/\/3dprime.it\/en\/wp-json\/wp\/v2\/product\/2961\/revisions"}],"predecessor-version":[{"id":2969,"href":"https:\/\/3dprime.it\/en\/wp-json\/wp\/v2\/product\/2961\/revisions\/2969"}],"wp:featuredmedia":[{"embeddable":true,"href":"https:\/\/3dprime.it\/en\/wp-json\/wp\/v2\/media\/2968"}],"wp:attachment":[{"href":"https:\/\/3dprime.it\/en\/wp-json\/wp\/v2\/media?parent=2961"}],"wp:term":[{"taxonomy":"product_cat","embeddable":true,"href":"https:\/\/3dprime.it\/en\/wp-json\/wp\/v2\/product_cat?post=2961"},{"taxonomy":"product_tag","embeddable":true,"href":"https:\/\/3dprime.it\/en\/wp-json\/wp\/v2\/product_tag?post=2961"}],"curies":[{"name":"wp","href":"https:\/\/api.w.org\/{rel}","templated":true}]}}