{"id":3214,"date":"2025-10-09T14:40:45","date_gmt":"2025-10-09T12:40:45","guid":{"rendered":"https:\/\/3dprime.it\/?post_type=product&#038;p=3214"},"modified":"2025-10-09T14:40:45","modified_gmt":"2025-10-09T12:40:45","slug":"parte-terminale-asta-metal-detector-minelab-equinox-excalibur-ctx-custom","status":"publish","type":"product","link":"https:\/\/3dprime.it\/en\/product\/parte-terminale-asta-metal-detector-minelab-equinox-excalibur-ctx-custom\/","title":{"rendered":"Parte Terminale Asta Metal Detector Minelab Equinox Excalibur Ctx Custom"},"content":{"rendered":"<p><strong>Parte terminale per asta di metal detector<\/strong><\/p>\n<p>Progettata per offrire massima resistenza e affidabilit\u00e0, questa parte terminale \u00e8 realizzata con tecnologia avanzata di stampa 3D (FDM) e materiali di alta qualit\u00e0, capaci di resistere a intense sollecitazioni meccaniche.<\/p>\n<h3><strong>Caratteristiche principali:<\/strong><\/h3>\n<ul>\n<li><strong>Personalizzazione unica:<\/strong>\u00a0Disponibile in diverse colorazioni. Durante l&#8217;ordine, specifica il diametro interno\/esterno del tubo e il colore desiderato per adattarlo perfettamente alle tue esigenze.<\/li>\n<li><strong>Materiali di qualit\u00e0 superiore:<\/strong>\u00a0Progettata per garantire durabilit\u00e0 e prestazioni costanti nel tempo.<\/li>\n<li><strong>Nota importante:<\/strong>\u00a0Gommini (componenti in materiale gommoso)\u00a0<strong>non inclusi<\/strong>.<\/li>\n<\/ul>\n<h3><strong>Servizio di personalizzazione su misura:<\/strong><\/h3>\n<p>Hai bisogno di un componente specifico? Realizzo pezzi personalizzati per qualsiasi modello di metal detector:<\/p>\n<ul>\n<li>Ritirer\u00f2 a\u00a0<strong>mie spese<\/strong>\u00a0il componente originale necessario per la personalizzazione.<\/li>\n<li>Una volta completato, ti restituir\u00f2 tutto con un prezzo vantaggioso e condizioni dedicate.<\/li>\n<\/ul>\n<h3><strong>Garanzie:<\/strong><\/h3>\n<p>\u2714\ufe0f\u00a0<strong>Restituzioni accettate<\/strong>\u00a0per il massimo della tranquillit\u00e0.<br \/>\n\u2714\ufe0f\u00a0<strong>Feedback 100% positivi<\/strong>: acquista con fiducia!<\/p>\n<p>\ud83d\udd27\u00a0<strong>Personalizza il tuo metal detector e rendilo unico per le tue esigenze!<\/strong><\/p>\n","protected":false},"excerpt":{"rendered":"<p>Parte terminale per asta di metal detector Progettata per offrire massima resistenza e affidabilit\u00e0, questa parte terminale \u00e8 realizzata con tecnologia avanzata di stampa 3D (FDM) e materiali di alta<\/p>\n","protected":false},"featured_media":3221,"comment_status":"open","ping_status":"closed","template":"","meta":[],"product_cat":[32],"product_tag":[],"class_list":{"0":"post-3214","1":"product","2":"type-product","3":"status-publish","4":"has-post-thumbnail","6":"product_cat-uncategorized","8":"first","9":"instock","10":"taxable","11":"shipping-taxable","12":"purchasable","13":"product-type-simple"},"jetpack_sharing_enabled":true,"_links":{"self":[{"href":"https:\/\/3dprime.it\/en\/wp-json\/wp\/v2\/product\/3214","targetHints":{"allow":["GET"]}}],"collection":[{"href":"https:\/\/3dprime.it\/en\/wp-json\/wp\/v2\/product"}],"about":[{"href":"https:\/\/3dprime.it\/en\/wp-json\/wp\/v2\/types\/product"}],"replies":[{"embeddable":true,"href":"https:\/\/3dprime.it\/en\/wp-json\/wp\/v2\/comments?post=3214"}],"version-history":[{"count":1,"href":"https:\/\/3dprime.it\/en\/wp-json\/wp\/v2\/product\/3214\/revisions"}],"predecessor-version":[{"id":3222,"href":"https:\/\/3dprime.it\/en\/wp-json\/wp\/v2\/product\/3214\/revisions\/3222"}],"wp:featuredmedia":[{"embeddable":true,"href":"https:\/\/3dprime.it\/en\/wp-json\/wp\/v2\/media\/3221"}],"wp:attachment":[{"href":"https:\/\/3dprime.it\/en\/wp-json\/wp\/v2\/media?parent=3214"}],"wp:term":[{"taxonomy":"product_cat","embeddable":true,"href":"https:\/\/3dprime.it\/en\/wp-json\/wp\/v2\/product_cat?post=3214"},{"taxonomy":"product_tag","embeddable":true,"href":"https:\/\/3dprime.it\/en\/wp-json\/wp\/v2\/product_tag?post=3214"}],"curies":[{"name":"wp","href":"https:\/\/api.w.org\/{rel}","templated":true}]}}