{"id":3293,"date":"2025-10-09T18:21:01","date_gmt":"2025-10-09T16:21:01","guid":{"rendered":"https:\/\/3dprime.it\/?post_type=product&#038;p=3293"},"modified":"2025-10-21T18:12:08","modified_gmt":"2025-10-21T16:12:08","slug":"ingranaggio-apertura-climatizzatore-fujitsu-9319292014-rinforzato-resistente","status":"publish","type":"product","link":"https:\/\/3dprime.it\/en\/product\/ingranaggio-apertura-climatizzatore-fujitsu-9319292014-rinforzato-resistente\/","title":{"rendered":"Ingranaggio Apertura Climatizzatore Fujitsu 9319292014 Rinforzato Resistente"},"content":{"rendered":"<h3>Ingranaggi di Apertura per Climatizzatore Modello FUJITSU GENERAL<\/h3>\n<p>L&#8217;ingranaggio di apertura per climatizzatore modello FUJITSU GENERAL \u00e8 un ricambio compatibile, migliorato e rivisitato per garantire una maggiore resistenza rispetto all&#8217;originale. Questo componente \u00e8 stato progettato per offrire una durata superiore, assicurando un funzionamento efficiente e affidabile del tuo climatizzatore.<\/p>\n<h4>Modelli Compatibili<\/h4>\n<p>Questo ingranaggio \u00e8 adatto per una vasta gamma di modelli FUJITSU GENERAL, inclusi:<\/p>\n<ul>\n<li>ASHG07LUCA<\/li>\n<li>ASHG09LTCA<\/li>\n<li>ASHG09LTCB<\/li>\n<li>ASHG09LUCA<\/li>\n<li>ASHG12LTCA<\/li>\n<li>ASHG12LTCB<\/li>\n<li>ASHG12LUCA<\/li>\n<li>ASHG14LTCB<\/li>\n<li>ASHG14LUCA<\/li>\n<li>ASYG07LUCA<\/li>\n<li>ASYG09LTCA<\/li>\n<li>ASYG09LTCB<\/li>\n<li>ASYG09LUCA<\/li>\n<li>ASYG12LTCA<\/li>\n<li>ASYG12LTCB<\/li>\n<li>ASYG12LUCA<\/li>\n<li>ASYG14LTCB<\/li>\n<li>ASYG14LUCA<\/li>\n<li>#RSG07LUCA<\/li>\n<li>#RSG09LTCA<\/li>\n<li>#RSG09LTCB<\/li>\n<li>#RSG09LUCA<\/li>\n<li>#RSG12LTCA<\/li>\n<li>#RSG12LTCB<\/li>\n<li>#RSG12LUCA<\/li>\n<li>#RSG14LTCB<\/li>\n<li>#RSG14LUCA<\/li>\n<\/ul>\n<h4>Specifiche Tecniche<\/h4>\n<ul>\n<li><strong>Dimensioni<\/strong>: 39 x 28 x 7,5 mm<\/li>\n<li><strong>Confezione<\/strong>: 2 pezzi<\/li>\n<\/ul>\n<p>Questo ingranaggio di apertura \u00e8 stato sottoposto a rigidi controlli di qualit\u00e0 per garantire una perfetta compatibilit\u00e0 e una lunga durata nel tempo. Scegliendo questo ricambio, assicuri al tuo climatizzatore FUJITSU GENERAL una performance ottimale e un&#8217;affidabilit\u00e0 costante.<\/p>\n","protected":false},"excerpt":{"rendered":"<p>Ingranaggi di Apertura per Climatizzatore Modello FUJITSU GENERAL L&#8217;ingranaggio di apertura per climatizzatore modello FUJITSU GENERAL \u00e8 un ricambio compatibile, migliorato e rivisitato per garantire una maggiore resistenza rispetto all&#8217;originale.<\/p>\n","protected":false},"featured_media":3299,"comment_status":"open","ping_status":"closed","template":"","meta":[],"product_cat":[162],"product_tag":[],"class_list":{"0":"post-3293","1":"product","2":"type-product","3":"status-publish","4":"has-post-thumbnail","6":"product_cat-ingranaggi","8":"first","9":"instock","10":"taxable","11":"shipping-taxable","12":"purchasable","13":"product-type-simple"},"jetpack_sharing_enabled":true,"_links":{"self":[{"href":"https:\/\/3dprime.it\/en\/wp-json\/wp\/v2\/product\/3293","targetHints":{"allow":["GET"]}}],"collection":[{"href":"https:\/\/3dprime.it\/en\/wp-json\/wp\/v2\/product"}],"about":[{"href":"https:\/\/3dprime.it\/en\/wp-json\/wp\/v2\/types\/product"}],"replies":[{"embeddable":true,"href":"https:\/\/3dprime.it\/en\/wp-json\/wp\/v2\/comments?post=3293"}],"version-history":[{"count":1,"href":"https:\/\/3dprime.it\/en\/wp-json\/wp\/v2\/product\/3293\/revisions"}],"predecessor-version":[{"id":3300,"href":"https:\/\/3dprime.it\/en\/wp-json\/wp\/v2\/product\/3293\/revisions\/3300"}],"wp:featuredmedia":[{"embeddable":true,"href":"https:\/\/3dprime.it\/en\/wp-json\/wp\/v2\/media\/3299"}],"wp:attachment":[{"href":"https:\/\/3dprime.it\/en\/wp-json\/wp\/v2\/media?parent=3293"}],"wp:term":[{"taxonomy":"product_cat","embeddable":true,"href":"https:\/\/3dprime.it\/en\/wp-json\/wp\/v2\/product_cat?post=3293"},{"taxonomy":"product_tag","embeddable":true,"href":"https:\/\/3dprime.it\/en\/wp-json\/wp\/v2\/product_tag?post=3293"}],"curies":[{"name":"wp","href":"https:\/\/api.w.org\/{rel}","templated":true}]}}