{"id":3392,"date":"2025-10-09T19:12:23","date_gmt":"2025-10-09T17:12:23","guid":{"rendered":"https:\/\/3dprime.it\/?post_type=product&#038;p=3392"},"modified":"2025-10-09T19:12:23","modified_gmt":"2025-10-09T17:12:23","slug":"2x-pair-of-technics-turntable-hinges-cerniere-technics-sl-mk2-mkii-1300-1810","status":"publish","type":"product","link":"https:\/\/3dprime.it\/en\/product\/2x-pair-of-technics-turntable-hinges-cerniere-technics-sl-mk2-mkii-1300-1810\/","title":{"rendered":"2x pair of Technics turntable hinges cerniere Technics SL MK2 MKII 1300-1810"},"content":{"rendered":"<p><strong>Technics Turntable Hinge Pair<\/strong><\/p>\n<p><strong>Cerniere per Giradischi Technics<\/strong><\/p>\n<p>Compatibile con i seguenti modelli:<\/p>\n<ul>\n<li><strong>Versioni MKI<\/strong>: Technics SL 1300, 1310, 1400, 1410, 1500, 1510, 1650<\/li>\n<li><strong>Versioni MKII<\/strong>: Technics SL 1300, 1310, 1400, 1410, 1500, 1510, 1600, 1610, 1700, 1710, 1800, 1810<\/li>\n<\/ul>\n<p>Ora puoi ordinare questo paio di cerniere di alta qualit\u00e0 per completare il tuo giradischi! Con queste cerniere, il coperchio potr\u00e0 essere aperto e chiuso di nuovo senza problemi. Le cerniere non sono dotate di molla, ma hanno un arresto a circa un angolo retto, garantendo un funzionamento fluido. La distanza tra i fori per le viti \u00e8 di 43 mm. Le cerniere sono prodotte in Germania con tecniche additive e materiali di alta qualit\u00e0. A causa del processo di produzione, potrebbero esserci lievi irregolarit\u00e0, ma non influenzano la funzionalit\u00e0. Nota: il giradischi non \u00e8 incluso nell&#8217;offerta.<\/p>\n<p><strong>Garanzia soddisfatti o rimborsati!<\/strong>\u00a0Se riscontri problemi con il prodotto, contattaci prima di lasciare una recensione negativa o neutrale. Le recensioni sono molto importanti per noi, cos\u00ec come la tua soddisfazione. Le recensioni negative non risolveranno il problema, ma noi s\u00ec! Troveremo una soluzione che ti soddisfi!<\/p>\n","protected":false},"excerpt":{"rendered":"<p>Technics Turntable Hinge Pair Cerniere per Giradischi Technics Compatibile con i seguenti modelli: Versioni MKI: Technics SL 1300, 1310, 1400, 1410, 1500, 1510, 1650 Versioni MKII: Technics SL 1300, 1310,<\/p>\n","protected":false},"featured_media":3398,"comment_status":"open","ping_status":"closed","template":"","meta":[],"product_cat":[32],"product_tag":[],"class_list":{"0":"post-3392","1":"product","2":"type-product","3":"status-publish","4":"has-post-thumbnail","6":"product_cat-uncategorized","8":"first","9":"instock","10":"taxable","11":"shipping-taxable","12":"purchasable","13":"product-type-simple"},"jetpack_sharing_enabled":true,"_links":{"self":[{"href":"https:\/\/3dprime.it\/en\/wp-json\/wp\/v2\/product\/3392","targetHints":{"allow":["GET"]}}],"collection":[{"href":"https:\/\/3dprime.it\/en\/wp-json\/wp\/v2\/product"}],"about":[{"href":"https:\/\/3dprime.it\/en\/wp-json\/wp\/v2\/types\/product"}],"replies":[{"embeddable":true,"href":"https:\/\/3dprime.it\/en\/wp-json\/wp\/v2\/comments?post=3392"}],"version-history":[{"count":1,"href":"https:\/\/3dprime.it\/en\/wp-json\/wp\/v2\/product\/3392\/revisions"}],"predecessor-version":[{"id":3399,"href":"https:\/\/3dprime.it\/en\/wp-json\/wp\/v2\/product\/3392\/revisions\/3399"}],"wp:featuredmedia":[{"embeddable":true,"href":"https:\/\/3dprime.it\/en\/wp-json\/wp\/v2\/media\/3398"}],"wp:attachment":[{"href":"https:\/\/3dprime.it\/en\/wp-json\/wp\/v2\/media?parent=3392"}],"wp:term":[{"taxonomy":"product_cat","embeddable":true,"href":"https:\/\/3dprime.it\/en\/wp-json\/wp\/v2\/product_cat?post=3392"},{"taxonomy":"product_tag","embeddable":true,"href":"https:\/\/3dprime.it\/en\/wp-json\/wp\/v2\/product_tag?post=3392"}],"curies":[{"name":"wp","href":"https:\/\/api.w.org\/{rel}","templated":true}]}}