{"id":3445,"date":"2025-10-10T13:26:06","date_gmt":"2025-10-10T11:26:06","guid":{"rendered":"https:\/\/3dprime.it\/?post_type=product&#038;p=3445"},"modified":"2025-10-10T13:26:06","modified_gmt":"2025-10-10T11:26:06","slug":"condividi-coppia-ganci-dx-sx-supporto-mensola-cappelliera-baule-bagagliaio-per-fiat-500x","status":"publish","type":"product","link":"https:\/\/3dprime.it\/en\/product\/condividi-coppia-ganci-dx-sx-supporto-mensola-cappelliera-baule-bagagliaio-per-fiat-500x\/","title":{"rendered":"Condividi COPPIA GANCI DX-SX SUPPORTO MENSOLA CAPPELLIERA BAULE BAGAGLIAIO PER FIAT 500X"},"content":{"rendered":"<h1><span style=\"font-family: Arial;\">Fiat 500X &#8211; Coppia Ganci Baule (destro e sinistro)<\/span><\/h1>\n<div><span style=\"font-family: Arial;\">\u00a0<\/span><\/div>\n<div>\n<h1><span style=\"font-family: Arial;\">Supporto di ricambio rinforzato per la cappelliera del baule per Fiat 500X<\/span><\/h1>\n<div><span style=\"font-family: Arial;\">\u00a0<\/span><\/div>\n<div>\n<div>Trasformate il bagagliaio della vostra Fiat 500X in uno spazio pi\u00f9 funzionale con i nostri ganci rinforzati per il bagagliaio! Il nostro kit di ricambio completo, realizzato con le pi\u00f9 recenti tecniche di stampa 3D, \u00e8 la soluzione perfetta per voi!<\/div>\n<div><\/div>\n<div>I nostri accessori sono progettati per durare nel tempo e per essere facili da installare. Questi ganci sono l&#8217;accessorio perfetto per riparare il vostro bagagliaio con qualit\u00e0 e convenienza.<\/div>\n<div><\/div>\n<div>Resistenza eccezionale:<\/div>\n<div>Costruiti con materiali ad alta resistenza termica, questi ganci garantiscono prestazioni ottimali anche nelle condizioni pi\u00f9 estreme.<\/div>\n<div><\/div>\n<div>Design avanzato:<\/div>\n<div>Il design rinforzato assicura che ogni gancio offra la massima stabilit\u00e0, paragonabile a quella dei ganci originali Fiat.<\/div>\n<div><\/div>\n<div>Conveniente ma di alta qualit\u00e0:<\/div>\n<div>Offriamo una soluzione economica senza compromettere la qualit\u00e0. Godetevi la stessa efficienza dei ricambi originali Fiat a un prezzo significativamente inferiore.<\/div>\n<div><\/div>\n<div>Installazione semplice e veloce:<\/div>\n<div>Dimenticate le procedure complicate! L&#8217;installazione \u00e8 semplice e intuitiva, senza bisogno di strumenti speciali o competenze tecniche avanzate. Risparmiate tempo e fatica!<\/div>\n<div><\/div>\n<div>Qualit\u00e0 garantita:<\/div>\n<div>Realizzato meticolosamente da designer esperti, ogni pezzo \u00e8 prodotto per garantire affidabilit\u00e0 e durata.<\/div>\n<div><\/div>\n<div>\n<p dir=\"ltr\">Supporto MENSOLA CAPPELLIERA<\/p>\n<p dir=\"ltr\">FIAT PANDA 319 (2012-22)<\/p>\n<p dir=\"ltr\">ALFAROMEO GIULIETTA,<\/p>\n<p dir=\"ltr\">JEEP RENEGADE,<\/p>\n<p dir=\"ltr\">JEEP AVENGER<\/p>\n<\/div>\n<\/div>\n<\/div>\n","protected":false},"excerpt":{"rendered":"<p>Fiat 500X &#8211; Coppia Ganci Baule (destro e sinistro) \u00a0 Supporto di ricambio rinforzato per la cappelliera del baule per Fiat 500X \u00a0 Trasformate il bagagliaio della vostra Fiat 500X<\/p>\n","protected":false},"featured_media":3453,"comment_status":"open","ping_status":"closed","template":"","meta":[],"product_cat":[37,65],"product_tag":[],"class_list":{"0":"post-3445","1":"product","2":"type-product","3":"status-publish","4":"has-post-thumbnail","6":"product_cat-auto","7":"product_cat-fiat","9":"first","10":"instock","11":"taxable","12":"shipping-taxable","13":"purchasable","14":"product-type-simple"},"jetpack_sharing_enabled":true,"_links":{"self":[{"href":"https:\/\/3dprime.it\/en\/wp-json\/wp\/v2\/product\/3445","targetHints":{"allow":["GET"]}}],"collection":[{"href":"https:\/\/3dprime.it\/en\/wp-json\/wp\/v2\/product"}],"about":[{"href":"https:\/\/3dprime.it\/en\/wp-json\/wp\/v2\/types\/product"}],"replies":[{"embeddable":true,"href":"https:\/\/3dprime.it\/en\/wp-json\/wp\/v2\/comments?post=3445"}],"version-history":[{"count":1,"href":"https:\/\/3dprime.it\/en\/wp-json\/wp\/v2\/product\/3445\/revisions"}],"predecessor-version":[{"id":3454,"href":"https:\/\/3dprime.it\/en\/wp-json\/wp\/v2\/product\/3445\/revisions\/3454"}],"wp:featuredmedia":[{"embeddable":true,"href":"https:\/\/3dprime.it\/en\/wp-json\/wp\/v2\/media\/3453"}],"wp:attachment":[{"href":"https:\/\/3dprime.it\/en\/wp-json\/wp\/v2\/media?parent=3445"}],"wp:term":[{"taxonomy":"product_cat","embeddable":true,"href":"https:\/\/3dprime.it\/en\/wp-json\/wp\/v2\/product_cat?post=3445"},{"taxonomy":"product_tag","embeddable":true,"href":"https:\/\/3dprime.it\/en\/wp-json\/wp\/v2\/product_tag?post=3445"}],"curies":[{"name":"wp","href":"https:\/\/api.w.org\/{rel}","templated":true}]}}