{"id":3848,"date":"2025-10-13T12:08:14","date_gmt":"2025-10-13T10:08:14","guid":{"rendered":"https:\/\/3dprime.it\/?post_type=product&#038;p=3848"},"modified":"2025-10-20T16:36:45","modified_gmt":"2025-10-20T14:36:45","slug":"chiave-tappo-olio-per-bmw-r1200r-in-moto-serbatoio-con-cordino-portachiavi","status":"publish","type":"product","link":"https:\/\/3dprime.it\/en\/product\/chiave-tappo-olio-per-bmw-r1200r-in-moto-serbatoio-con-cordino-portachiavi\/","title":{"rendered":"Chiave Tappo Olio per BMW r1200r in Moto Serbatoio con Cordino Portachiavi"},"content":{"rendered":"<p>Questa chiave per il tappo dell\u2019olio motore \u00e8 stata progettata per essere utilizzata in sostituzione della chiave originale della tua moto. La chiave \u00e8 prodotta in PETG, un materiale resistente e leggero, e pu\u00f2 essere utilizzata facilmente con tutti i veicoli compatibili. L\u2019attrezzo \u00e8 stato progettato per essere totalmente compatibile con l\u2019originale, garantendo un utilizzo semplice ed ergonomico per l\u2019apertura del tappo dell\u2019olio motore. Grazie al materiale di alta qualit\u00e0, \u00e8 ultra resistente alle tensioni e all\u2019usura.<\/p>\n<h3>Specifiche del Prodotto<\/h3>\n<ul>\n<li><strong>Materiale:<\/strong>\u00a0PETG<\/li>\n<li><strong>Dimensioni:<\/strong>\u00a07(L) x 2,5(P) x 2(A) cm<\/li>\n<li><strong>Colore:<\/strong>\u00a0Nero<\/li>\n<li><strong>Caratteristiche Aggiuntive:<\/strong>\u00a0Cordino portachiavi incluso<\/li>\n<\/ul>\n<h3>Compatibilit\u00e0 del Prodotto<\/h3>\n<p>Questa chiave \u00e8 compatibile con i seguenti veicoli:<\/p>\n<ul>\n<li>BMW R 1200 GS<\/li>\n<li>BMW R 1200 RT<\/li>\n<li>BMW R 900 RT<\/li>\n<li>BMW R 1200 GS Adventure<\/li>\n<li>BMW R 1200 GS LC<\/li>\n<li>BMW R 1200 R<\/li>\n<li>BMW R 1200 ST<\/li>\n<li>BMW R 1200 S<\/li>\n<li>BMW R 1200 HP2 Sport<\/li>\n<li>BMW R 1200 HP2<\/li>\n<\/ul>\n<h3>Caratteristiche Principali<\/h3>\n<ul>\n<li><strong>Utilizzo:<\/strong>\u00a0BMW R 1200<\/li>\n<li><strong>Materiale:<\/strong>\u00a0PETG di alta qualit\u00e0, resistente alle tensioni e all\u2019usura<\/li>\n<li><strong>Design:<\/strong>\u00a0Semplice ed ergonomico per un facile utilizzo<\/li>\n<li><strong>Accessori:<\/strong>\u00a0Cordino portachiavi incluso<\/li>\n<\/ul>\n<h3>Vantaggi<\/h3>\n<ul>\n<li><strong>Resistenza:<\/strong>\u00a0Ultra resistente alle tensioni e all\u2019usura<\/li>\n<li><strong>Facilit\u00e0 d\u2019uso:<\/strong>\u00a0Ergonomica e facile da maneggiare<\/li>\n<li><strong>Compatibilit\u00e0:<\/strong>\u00a0Progettata per essere totalmente compatibile con l\u2019originale<\/li>\n<\/ul>\n<p>Questa chiave per il tappo dell\u2019olio motore \u00e8 l\u2019accessorio ideale per chi cerca un\u2019alternativa affidabile e resistente alla chiave originale della propria moto BMW.<\/p>\n","protected":false},"excerpt":{"rendered":"<p>Questa chiave per il tappo dell\u2019olio motore \u00e8 stata progettata per essere utilizzata in sostituzione della chiave originale della tua moto. La chiave \u00e8 prodotta in PETG, un materiale resistente<\/p>\n","protected":false},"featured_media":3853,"comment_status":"open","ping_status":"closed","template":"","meta":[],"product_cat":[56,160],"product_tag":[],"class_list":{"0":"post-3848","1":"product","2":"type-product","3":"status-publish","4":"has-post-thumbnail","6":"product_cat-moto","7":"product_cat-bmw-moto","9":"first","10":"instock","11":"taxable","12":"shipping-taxable","13":"purchasable","14":"product-type-simple"},"jetpack_sharing_enabled":true,"_links":{"self":[{"href":"https:\/\/3dprime.it\/en\/wp-json\/wp\/v2\/product\/3848","targetHints":{"allow":["GET"]}}],"collection":[{"href":"https:\/\/3dprime.it\/en\/wp-json\/wp\/v2\/product"}],"about":[{"href":"https:\/\/3dprime.it\/en\/wp-json\/wp\/v2\/types\/product"}],"replies":[{"embeddable":true,"href":"https:\/\/3dprime.it\/en\/wp-json\/wp\/v2\/comments?post=3848"}],"version-history":[{"count":1,"href":"https:\/\/3dprime.it\/en\/wp-json\/wp\/v2\/product\/3848\/revisions"}],"predecessor-version":[{"id":3854,"href":"https:\/\/3dprime.it\/en\/wp-json\/wp\/v2\/product\/3848\/revisions\/3854"}],"wp:featuredmedia":[{"embeddable":true,"href":"https:\/\/3dprime.it\/en\/wp-json\/wp\/v2\/media\/3853"}],"wp:attachment":[{"href":"https:\/\/3dprime.it\/en\/wp-json\/wp\/v2\/media?parent=3848"}],"wp:term":[{"taxonomy":"product_cat","embeddable":true,"href":"https:\/\/3dprime.it\/en\/wp-json\/wp\/v2\/product_cat?post=3848"},{"taxonomy":"product_tag","embeddable":true,"href":"https:\/\/3dprime.it\/en\/wp-json\/wp\/v2\/product_tag?post=3848"}],"curies":[{"name":"wp","href":"https:\/\/api.w.org\/{rel}","templated":true}]}}