{"id":3973,"date":"2025-10-13T13:07:23","date_gmt":"2025-10-13T11:07:23","guid":{"rendered":"https:\/\/3dprime.it\/?post_type=product&#038;p=3973"},"modified":"2025-10-20T16:20:18","modified_gmt":"2025-10-20T14:20:18","slug":"ingranaggio-pignone-neato-robotics-botvac-d3-d4-d5-d6-d7-ricambio-ruote","status":"publish","type":"product","link":"https:\/\/3dprime.it\/en\/product\/ingranaggio-pignone-neato-robotics-botvac-d3-d4-d5-d6-d7-ricambio-ruote\/","title":{"rendered":"Ingranaggio pignone Neato Robotics Botvac D3 D4 D5 D6 D7 ricambio ruote"},"content":{"rendered":"<p><strong>Descrizione:<\/strong><\/p>\n<ul>\n<li>Ricambio compatibile per Neato Botvac D3, D4, D5, D6, D7.<\/li>\n<li>Prodotto realizzato con stampante 3D in ABS tecnico, pi\u00f9 resistente rispetto all\u2019originale.<\/li>\n<li>Elevata precisione di stampa e finiture curate per garantire un funzionamento fluido.<\/li>\n<li>Nella confezione \u00e8 presente 1 pezzo.<\/li>\n<\/ul>\n<p><strong>Caratteristiche principali:<\/strong><\/p>\n<ul>\n<li><strong>Materiale<\/strong>: ABS tecnico di alta qualit\u00e0.<\/li>\n<li><strong>Durevole<\/strong>: resiste a usura e temperature elevate.<\/li>\n<li><strong>Design ottimizzato<\/strong>: assicura un corretto innesto con il motore del robot aspirapolvere.<\/li>\n<\/ul>\n<p><strong>Nota:<\/strong><br \/>\nSi tratta di un ricambio prodotto artigianalmente con tecnologia di stampa 3D; non \u00e8 un pezzo originale del brand Neato, ma \u00e8 stato testato per garantire compatibilit\u00e0 e prestazioni ottimali.<\/p>\n","protected":false},"excerpt":{"rendered":"<p>Descrizione: Ricambio compatibile per Neato Botvac D3, D4, D5, D6, D7. Prodotto realizzato con stampante 3D in ABS tecnico, pi\u00f9 resistente rispetto all\u2019originale. Elevata precisione di stampa e finiture curate<\/p>\n","protected":false},"featured_media":3975,"comment_status":"open","ping_status":"closed","template":"","meta":[],"product_cat":[162],"product_tag":[],"class_list":{"0":"post-3973","1":"product","2":"type-product","3":"status-publish","4":"has-post-thumbnail","6":"product_cat-ingranaggi","8":"first","9":"instock","10":"taxable","11":"shipping-taxable","12":"purchasable","13":"product-type-simple"},"jetpack_sharing_enabled":true,"_links":{"self":[{"href":"https:\/\/3dprime.it\/en\/wp-json\/wp\/v2\/product\/3973","targetHints":{"allow":["GET"]}}],"collection":[{"href":"https:\/\/3dprime.it\/en\/wp-json\/wp\/v2\/product"}],"about":[{"href":"https:\/\/3dprime.it\/en\/wp-json\/wp\/v2\/types\/product"}],"replies":[{"embeddable":true,"href":"https:\/\/3dprime.it\/en\/wp-json\/wp\/v2\/comments?post=3973"}],"version-history":[{"count":1,"href":"https:\/\/3dprime.it\/en\/wp-json\/wp\/v2\/product\/3973\/revisions"}],"predecessor-version":[{"id":3976,"href":"https:\/\/3dprime.it\/en\/wp-json\/wp\/v2\/product\/3973\/revisions\/3976"}],"wp:featuredmedia":[{"embeddable":true,"href":"https:\/\/3dprime.it\/en\/wp-json\/wp\/v2\/media\/3975"}],"wp:attachment":[{"href":"https:\/\/3dprime.it\/en\/wp-json\/wp\/v2\/media?parent=3973"}],"wp:term":[{"taxonomy":"product_cat","embeddable":true,"href":"https:\/\/3dprime.it\/en\/wp-json\/wp\/v2\/product_cat?post=3973"},{"taxonomy":"product_tag","embeddable":true,"href":"https:\/\/3dprime.it\/en\/wp-json\/wp\/v2\/product_tag?post=3973"}],"curies":[{"name":"wp","href":"https:\/\/api.w.org\/{rel}","templated":true}]}}