{"id":3992,"date":"2025-10-13T17:22:39","date_gmt":"2025-10-13T15:22:39","guid":{"rendered":"https:\/\/3dprime.it\/?post_type=product&#038;p=3992"},"modified":"2025-10-20T16:18:25","modified_gmt":"2025-10-20T14:18:25","slug":"ingranaggi-t15-di-ricambio-per-hp-photosmart-c5280-2-pezzi","status":"publish","type":"product","link":"https:\/\/3dprime.it\/en\/product\/ingranaggi-t15-di-ricambio-per-hp-photosmart-c5280-2-pezzi\/","title":{"rendered":"Ingranaggi T15 di ricambio per HP Photosmart C5280 (2 PEZZI)"},"content":{"rendered":"<p>Questa \u00e8 una ruota dentata del trasportatore della carta, accessibile dalla parte posteriore della stampante. \u00c8 noto che questa ruota dentata tende a rompersi. A volte pu\u00f2 essere riparata con della colla cianoacrilica (supercolla), altre volte no. In tal caso, questa ruota dentata pu\u00f2 essere installata senza smontare la stampante. Fissala in posizione con una goccia di supercolla.<\/p>\n<p>Il posizionamento preciso degli ingranaggi non \u00e8 fondamentale, poich\u00e9 il movimento della carta \u00e8 controllato da un encoder ottico.<\/p>\n<h3>Stampanti compatibili:<\/h3>\n<p>La maggior parte delle stampanti Photosmart 363 a colori con cartuccia a 6 colori.<\/p>\n<h3>Modelli compatibili:<\/h3>\n<p>Photosmart C5100, C5140, C5150, C5160, C5170, C5175, C5180, C5183, C5185, C5188, C5190, C6150, C6160, C6170, C6175, C6180, C6183, C6185, C6190, C6240, C6250, C6270, C6280, C6285, C7150, C7170, C7180, C7185, C7190, C7250, C7270, C7280, C8150, C8170, C8180, D6160, D7160, D7163, D7180, D7260, D7280, D7345, D7355, D7360, D7460, D8230, D8250, P3210, 3100, 3108, 3110, 3200, 3210, 3308, 3310, 8200, 8230, 8250.<\/p>\n","protected":false},"excerpt":{"rendered":"<p>Questa \u00e8 una ruota dentata del trasportatore della carta, accessibile dalla parte posteriore della stampante. \u00c8 noto che questa ruota dentata tende a rompersi. A volte pu\u00f2 essere riparata con<\/p>\n","protected":false},"featured_media":3997,"comment_status":"open","ping_status":"closed","template":"","meta":[],"product_cat":[162],"product_tag":[],"class_list":{"0":"post-3992","1":"product","2":"type-product","3":"status-publish","4":"has-post-thumbnail","6":"product_cat-ingranaggi","8":"first","9":"instock","10":"taxable","11":"shipping-taxable","12":"purchasable","13":"product-type-simple"},"jetpack_sharing_enabled":true,"_links":{"self":[{"href":"https:\/\/3dprime.it\/en\/wp-json\/wp\/v2\/product\/3992","targetHints":{"allow":["GET"]}}],"collection":[{"href":"https:\/\/3dprime.it\/en\/wp-json\/wp\/v2\/product"}],"about":[{"href":"https:\/\/3dprime.it\/en\/wp-json\/wp\/v2\/types\/product"}],"replies":[{"embeddable":true,"href":"https:\/\/3dprime.it\/en\/wp-json\/wp\/v2\/comments?post=3992"}],"version-history":[{"count":1,"href":"https:\/\/3dprime.it\/en\/wp-json\/wp\/v2\/product\/3992\/revisions"}],"predecessor-version":[{"id":3998,"href":"https:\/\/3dprime.it\/en\/wp-json\/wp\/v2\/product\/3992\/revisions\/3998"}],"wp:featuredmedia":[{"embeddable":true,"href":"https:\/\/3dprime.it\/en\/wp-json\/wp\/v2\/media\/3997"}],"wp:attachment":[{"href":"https:\/\/3dprime.it\/en\/wp-json\/wp\/v2\/media?parent=3992"}],"wp:term":[{"taxonomy":"product_cat","embeddable":true,"href":"https:\/\/3dprime.it\/en\/wp-json\/wp\/v2\/product_cat?post=3992"},{"taxonomy":"product_tag","embeddable":true,"href":"https:\/\/3dprime.it\/en\/wp-json\/wp\/v2\/product_tag?post=3992"}],"curies":[{"name":"wp","href":"https:\/\/api.w.org\/{rel}","templated":true}]}}