{"id":4115,"date":"2025-10-13T18:08:53","date_gmt":"2025-10-13T16:08:53","guid":{"rendered":"https:\/\/3dprime.it\/?post_type=product&#038;p=4115"},"modified":"2025-10-13T18:08:53","modified_gmt":"2025-10-13T16:08:53","slug":"per-audi-s-line-2-logo-fregio-stemma-emblema-a2-a1-a3-a4-a5-a6-a7-a8-q2-q3-sline","status":"publish","type":"product","link":"https:\/\/3dprime.it\/en\/product\/per-audi-s-line-2-logo-fregio-stemma-emblema-a2-a1-a3-a4-a5-a6-a7-a8-q2-q3-sline\/","title":{"rendered":"PER AUDI S LINE 2 LOGO FREGIO STEMMA EMBLEMA A2 A1 A3 A4 A5 A6 A7 A8 Q2 Q3 Sline"},"content":{"rendered":"<div class=\"panel-heading\">\n<h1 class=\"title-heading\">STEMMA PER AUDI S LINE NERO LUCIDO A1 A2 A3 A4 A5 A6 A7 A8 Q3 Q5 LOGO FREGIO<\/h1>\n<\/div>\n<div class=\"text-section\">\n<div class=\"panel-body\">\n<div align=\"center\">\n<p>&nbsp;<\/p>\n<p>&nbsp;<\/p>\n<div>\n<p><strong>Stemma AUDI S-line 2 adesivi, mm. 72&#215;15<\/strong><\/p>\n<ul>\n<li><strong>Compatibilit\u00e0:<\/strong>\u00a0Installabile su tutte le vetture AUDI<\/li>\n<li><strong>Installazione:<\/strong>\u00a0Facile da installare<\/li>\n<li><strong>Quantit\u00e0:<\/strong>\u00a02 Pezzi<\/li>\n<li><strong>Colore:<\/strong>\u00a0Chromo<\/li>\n<\/ul>\n<p>Prodotto non originale, ma perfettamente compatibile. Questo ricambio \u00e8 stato progettato con finalit\u00e0 estetiche ed \u00e8 conforme alle normative vigenti, come citato dalla Corte di Cassazione &#8211; Sezione Quinta Sezione, Sentenza 20 dicembre 2011, n.4708.<\/p>\n<p><b>Con la legge sull&#8217;ecommerce 274\/E\/2009 dell&#8217;Agenzia delle Entrate si stabilisce che il venditore non\u00a0\u00e8\u00a0obbligato all&#8217;emissione della\u00a0fattura , ma solo se espressamente richiesto dal cliente . I\u00a0clienti che hanno bisogno di fattura sono pregati di richiederla al momento dell&#8217;ordine e nello stesso giorno dell&#8217;acquisto e non oltre (per legge) comunicando i dati necessari , sono indispensabili il codice fiscale nel caso di privati o partita iva nel caso di soggetti in possesso , questi dati sono obbligatori a emettere i documenti fiscali e verranno trattati secondo le leggi sulla privacy . Non verranno prese in considerazione richieste di fatturazione successive da parte dell&#8217;acquirente<\/b><\/p>\n<\/div>\n<\/div>\n<\/div>\n<\/div>\n","protected":false},"excerpt":{"rendered":"<p>STEMMA PER AUDI S LINE NERO LUCIDO A1 A2 A3 A4 A5 A6 A7 A8 Q3 Q5 LOGO FREGIO &nbsp; &nbsp; Stemma AUDI S-line 2 adesivi, mm. 72&#215;15 Compatibilit\u00e0:\u00a0Installabile su<\/p>\n","protected":false},"featured_media":4121,"comment_status":"open","ping_status":"closed","template":"","meta":[],"product_cat":[37,55],"product_tag":[],"class_list":{"0":"post-4115","1":"product","2":"type-product","3":"status-publish","4":"has-post-thumbnail","6":"product_cat-auto","7":"product_cat-audi","9":"first","10":"instock","11":"taxable","12":"shipping-taxable","13":"purchasable","14":"product-type-simple"},"jetpack_sharing_enabled":true,"_links":{"self":[{"href":"https:\/\/3dprime.it\/en\/wp-json\/wp\/v2\/product\/4115","targetHints":{"allow":["GET"]}}],"collection":[{"href":"https:\/\/3dprime.it\/en\/wp-json\/wp\/v2\/product"}],"about":[{"href":"https:\/\/3dprime.it\/en\/wp-json\/wp\/v2\/types\/product"}],"replies":[{"embeddable":true,"href":"https:\/\/3dprime.it\/en\/wp-json\/wp\/v2\/comments?post=4115"}],"version-history":[{"count":1,"href":"https:\/\/3dprime.it\/en\/wp-json\/wp\/v2\/product\/4115\/revisions"}],"predecessor-version":[{"id":4122,"href":"https:\/\/3dprime.it\/en\/wp-json\/wp\/v2\/product\/4115\/revisions\/4122"}],"wp:featuredmedia":[{"embeddable":true,"href":"https:\/\/3dprime.it\/en\/wp-json\/wp\/v2\/media\/4121"}],"wp:attachment":[{"href":"https:\/\/3dprime.it\/en\/wp-json\/wp\/v2\/media?parent=4115"}],"wp:term":[{"taxonomy":"product_cat","embeddable":true,"href":"https:\/\/3dprime.it\/en\/wp-json\/wp\/v2\/product_cat?post=4115"},{"taxonomy":"product_tag","embeddable":true,"href":"https:\/\/3dprime.it\/en\/wp-json\/wp\/v2\/product_tag?post=4115"}],"curies":[{"name":"wp","href":"https:\/\/api.w.org\/{rel}","templated":true}]}}